
{"id":5931,"date":"2019-07-22T07:37:18","date_gmt":"2019-07-22T05:37:18","guid":{"rendered":"https:\/\/www.aroma.se\/?page_id=5931"},"modified":"2021-06-11T16:39:15","modified_gmt":"2021-06-11T14:39:15","slug":"kontakt","status":"publish","type":"page","link":"https:\/\/www.aroma.se\/en_gb\/b2b\/kontakt\/","title":{"rendered":"Contact"},"content":{"rendered":"<div id=\"fws_69f19dc63a977\"  data-column-margin=\"default\" data-midnight=\"dark\" data-top-percent=\"10%\"  class=\"wpb_row vc_row-fluid vc_row\"  style=\"padding-top: calc(100vw * 0.10); padding-bottom: 30px; \"><div class=\"row-bg-wrap\" data-bg-animation=\"none\" data-bg-animation-delay=\"\" data-bg-overlay=\"false\"><div class=\"inner-wrap row-bg-layer\" ><div class=\"row-bg viewport-desktop\"  style=\"\"><\/div><\/div><\/div><div class=\"row_col_wrap_12 col span_12 dark left\">\n\t<div  class=\"vc_col-sm-4 wpb_column column_container vc_column_container col no-extra-padding inherit_tablet inherit_phone\"  data-padding-pos=\"all\" data-has-bg-color=\"false\" data-bg-color=\"\" data-bg-opacity=\"1\" data-animation=\"\" data-delay=\"0\" >\n\t\t<div class=\"vc_column-inner\" >\n\t\t\t<div class=\"wpb_wrapper\">\n\t\t\t\t\n<div class=\"wpb_text_column wpb_content_element\" >\n\t<p>Production unit Skarpn\u00e4ck<br \/>\nFlygf\u00e4lsgatan 30<br \/>\n128 30 Sharp neck<\/p>\n<p>Production unit Torsh\u00e4lla<br \/>\nEskilstunav\u00e4gen 35<br \/>\n644 30 Torsh\u00e4lla<\/p>\n<p>Gear<br \/>\n<i class=\"icon-tiny linecon-icon-phone accent-color\"><\/i> 08-546 335 00<\/p>\n<\/div>\n\n\n\n\n\t\t\t<\/div> \n\t\t<\/div>\n\t<\/div> \n\n\t<div  class=\"vc_col-sm-4 wpb_column column_container vc_column_container col no-extra-padding inherit_tablet inherit_phone\"  data-padding-pos=\"all\" data-has-bg-color=\"false\" data-bg-color=\"\" data-bg-opacity=\"1\" data-animation=\"\" data-delay=\"0\" >\n\t\t<div class=\"vc_column-inner\" >\n\t\t\t<div class=\"wpb_wrapper\">\n\t\t\t\t\n<div class=\"wpb_text_column wpb_content_element\" >\n\t<p>Press contact<br \/>\nEivind Gran\u00e5s, CEO<br \/>\n<i class=\"icon-tiny linecon-icon-mail accent-color\"><\/i><a href=\"mailto:eivind.granas@aroma.se\">eivind.granas@aroma.se<\/a><br \/>\n<i class=\"icon-tiny linecon-icon-phone accent-color\"><\/i> 0721-92 21 50<\/p>\n<p>Commercial contact<br \/>\nPer Hen\u00e9rius<br \/>\n<i class=\"icon-tiny linecon-icon-mail accent-color\"><\/i><a href=\"mailto:per.henerius@aroma.se\">per.henerius@aroma.se<\/a><br \/>\n<i class=\"icon-tiny linecon-icon-phone accent-color\"><\/i> 0721-57 97 41<\/p>\n<\/div>\n\n\n\n\n\t\t\t<\/div> \n\t\t<\/div>\n\t<\/div> \n\n\t<div  class=\"vc_col-sm-4 wpb_column column_container vc_column_container col no-extra-padding inherit_tablet inherit_phone\"  data-padding-pos=\"all\" data-has-bg-color=\"false\" data-bg-color=\"\" data-bg-opacity=\"1\" data-animation=\"\" data-delay=\"0\" >\n\t\t<div class=\"vc_column-inner\" >\n\t\t\t<div class=\"wpb_wrapper\">\n\t\t\t\t\n<div class=\"wpb_text_column wpb_content_element\" >\n\t<p>Do you want to place an order?<\/p>\n<p><i class=\"icon-tiny linecon-icon-mail accent-color\"><\/i> <a href=\"mailto:order@aroma.se\">order@aroma.se<\/a><br \/>\n<i class=\"icon-tiny linecon-icon-phone accent-color\"><\/i> 08-546 335 00<\/p>\n<p>Our phone hours are:<br \/>\nMonday \u2013 Thursday 08.00 \u2013 12.00 and 13.00 \u2013 16.30<br \/>\nFridays 08.00 \u2013 12.00 and 13.00 \u2013 16.00<\/p>\n<\/div>\n\n\n\n\n\t\t\t<\/div> \n\t\t<\/div>\n\t<\/div> \n<\/div><\/div>\n\t\t<div id=\"fws_69f19dc63edfb\"  data-column-margin=\"default\" data-midnight=\"dark\"  class=\"wpb_row vc_row-fluid vc_row full-width-content vc_row-o-equal-height vc_row-flex vc_row-o-content-top\"  style=\"padding-top: 0px; padding-bottom: 0px; \"><div class=\"row-bg-wrap\" data-bg-animation=\"none\" data-bg-animation-delay=\"\" data-bg-overlay=\"false\"><div class=\"inner-wrap row-bg-layer\" ><div class=\"row-bg viewport-desktop\"  style=\"\"><\/div><\/div><\/div><div class=\"row_col_wrap_12 col span_12 dark left\">\n\t<div  class=\"vc_col-sm-12 wpb_column column_container vc_column_container col no-extra-padding inherit_tablet inherit_phone\"  data-padding-pos=\"all\" data-has-bg-color=\"false\" data-bg-color=\"\" data-bg-opacity=\"1\" data-animation=\"\" data-delay=\"0\" >\n\t\t<div class=\"vc_column-inner\" >\n\t\t\t<div class=\"wpb_wrapper\">\n\t\t\t\t<div class=\"img-with-aniamtion-wrap center\" data-max-width=\"100%\" data-max-width-mobile=\"default\" data-shadow=\"none\" data-animation=\"none\" >\n      <div class=\"inner\">\n        <div class=\"hover-wrap\"> \n          <div class=\"hover-wrap-inner\">\n            <img loading=\"lazy\" decoding=\"async\" class=\"img-with-animation skip-lazy\" data-delay=\"0\" height=\"360\" width=\"800\" data-animation=\"none\" src=\"https:\/\/www.aroma.se\/wp-content\/uploads\/2019\/08\/monster_down.png\" alt=\"\" srcset=\"https:\/\/www.aroma.se\/wp-content\/uploads\/2019\/08\/monster_down.png 800w, https:\/\/www.aroma.se\/wp-content\/uploads\/2019\/08\/monster_down-300x135.png 300w, https:\/\/www.aroma.se\/wp-content\/uploads\/2019\/08\/monster_down-768x346.png 768w, https:\/\/www.aroma.se\/wp-content\/uploads\/2019\/08\/monster_down-600x270.png 600w\" sizes=\"auto, (max-width: 800px) 100vw, 800px\" \/>\n          <\/div>\n        <\/div>\n        \n      <\/div>\n    <\/div>\n\t\t\t<\/div> \n\t\t<\/div>\n\t<\/div> \n<\/div><\/div>","protected":false},"excerpt":{"rendered":"Production unit Skarpn\u00e4ck Flygf\u00e4ltsgatan 30 128 30 Skarpn\u00e4ck Production unit Torsh\u00e4lla Eskilstunav\u00e4gen 35 644 30 Torsh\u00e4lla Switchboard 08-546 335 00 Press contact Eivind Gran\u00e5s, CEO eivind.granas@aroma.se 0721-92 21...","protected":false},"author":3,"featured_media":0,"parent":5856,"menu_order":0,"comment_status":"closed","ping_status":"closed","template":"","meta":{"footnotes":""},"class_list":["post-5931","page","type-page","status-publish"],"_links":{"self":[{"href":"https:\/\/www.aroma.se\/en_gb\/wp-json\/wp\/v2\/pages\/5931","targetHints":{"allow":["GET"]}}],"collection":[{"href":"https:\/\/www.aroma.se\/en_gb\/wp-json\/wp\/v2\/pages"}],"about":[{"href":"https:\/\/www.aroma.se\/en_gb\/wp-json\/wp\/v2\/types\/page"}],"author":[{"embeddable":true,"href":"https:\/\/www.aroma.se\/en_gb\/wp-json\/wp\/v2\/users\/3"}],"replies":[{"embeddable":true,"href":"https:\/\/www.aroma.se\/en_gb\/wp-json\/wp\/v2\/comments?post=5931"}],"version-history":[{"count":0,"href":"https:\/\/www.aroma.se\/en_gb\/wp-json\/wp\/v2\/pages\/5931\/revisions"}],"up":[{"embeddable":true,"href":"https:\/\/www.aroma.se\/en_gb\/wp-json\/wp\/v2\/pages\/5856"}],"wp:attachment":[{"href":"https:\/\/www.aroma.se\/en_gb\/wp-json\/wp\/v2\/media?parent=5931"}],"curies":[{"name":"wp","href":"https:\/\/api.w.org\/{rel}","templated":true}]}}