
{"id":6436,"date":"2019-10-04T09:02:44","date_gmt":"2019-10-04T07:02:44","guid":{"rendered":"https:\/\/www.aroma.se\/?post_type=product&#038;p=6436"},"modified":"2024-02-15T10:40:09","modified_gmt":"2024-02-15T09:40:09","slug":"molle-gradd","status":"publish","type":"product","link":"https:\/\/www.aroma.se\/en_gb\/produkter\/molle-gradd\/","title":{"rendered":"Molle cream toffee"},"content":{"rendered":"","protected":false},"excerpt":{"rendered":"<p>Chocolate covered toffee.<\/p>\n<p><b>Weight: <\/b>2.2kg, 3.7kg<\/p>\n<p><b>Ingredients\/Ainekset\/Ingredients: <\/b><\/p>\n<p>Glucose syrup\/glukoosisiirappia\/Glucose syrup, sugar\/sugar\/sugary\/Sugar, vegetable fat\/kasvirasvat\/Vegetable fat (shea- and\/ja\/and coconut oil\/kookos\u00f6ljy\/Coconut oil), skimmed MILK powder\/skimmed MILK powder\/raswaton MAITOjauhe\/Skimmed MILK powder, cocoa butter\/kaakaovoi\/Cocoa butter, cocoa mass\/kaakaomassa\/Cocoa mass, whole MILK powder\/whole MILK powder\/s\u00f8deM\u00c6LKspulver\/t\u00e4ysMAITOjauhe\/Whole MILK powder, LACTOSE\/LACTOSE\/LAKTOOSI\/LACTOSE, whey powder\/whey powder\/herajauhe\/Whey powder, (MILK\/M\u00c6LK\/MAITO\/ MILK), MILK fat\/M\u00c6LKEfat\/MAIT Rasa\/MILKfat, emulsifier\/emulsifier\/emulgointaine\/Emulsifier E476, E322 (SOYA\/SOYA\/SOIJA\/SOY), vanillin\/vanilliini.<\/p>\n<p>May contain traces of PEANUTS, HAZELNUTS, ALMONDS. May contain traces of PEANUTS, HAZELNUTS, ALMONDS. May contain traces of PEANUTS, HAZELN\u00d8DDER, ALMONDS. Saattaa inteinte j\u00e4\u00e4mi\u00e4 MAAP\u00c4HKIN\u00d6IST\u00c4, HASSELP\u00c4HKIN\u00d6IST\u00c4, MANTELEISTA. May contain traces of PEANUTS, HAZELNUTS, ALMOND.<\/p>\n<p>The milk chocolate contains min 30.1 % of cocoa\/The milk chocolate contains min 30.1% of cocoa\/Maitosuklaa ineinteum 30.1 % kaakaota\/The milk chocolate contains min 30.1 % of cocoa<\/p>\n<p><b>Nutritional value per 100 g<\/b><\/p>\n<table style=\"height: 178px;\" width=\"292\" cellspacing=\"0\" cellpadding=\"0\">\n<tbody>\n<tr>\n<td valign=\"top\">Energy<\/td>\n<td valign=\"top\">1800 kJ \/ 430 kcal<\/td>\n<\/tr>\n<tr>\n<td valign=\"top\">Fat<\/td>\n<td valign=\"top\">15 g<\/td>\n<\/tr>\n<tr>\n<td valign=\"top\"><span class=\"Apple-converted-space\">\u00a0\u00a0 <\/span>of which saturated fat<\/td>\n<td valign=\"top\">8.6 g<\/td>\n<\/tr>\n<tr>\n<td valign=\"top\">Carbohydrate<\/td>\n<td valign=\"top\">70 g<\/td>\n<\/tr>\n<tr>\n<td valign=\"top\"><span class=\"Apple-converted-space\">\u00a0\u00a0 <\/span>of which sugars<\/td>\n<td valign=\"top\">54 g<\/td>\n<\/tr>\n<tr>\n<td valign=\"top\">Protein<\/td>\n<td valign=\"top\">1.1 g<\/td>\n<\/tr>\n<tr>\n<td valign=\"top\">Salt<\/td>\n<td valign=\"top\">0.4g<\/td>\n<\/tr>\n<\/tbody>\n<\/table>","protected":false},"featured_media":6437,"template":"","meta":[],"product_brand":[],"product_cat":[87,64],"product_tag":[],"class_list":{"0":"post-6436","1":"product","2":"type-product","3":"status-publish","4":"has-post-thumbnail","6":"product_cat-alla-produkter","7":"product_cat-aroma-choklad-choko","9":"first","10":"instock","11":"shipping-taxable","12":"product-type-simple"},"_links":{"self":[{"href":"https:\/\/www.aroma.se\/en_gb\/wp-json\/wp\/v2\/product\/6436","targetHints":{"allow":["GET"]}}],"collection":[{"href":"https:\/\/www.aroma.se\/en_gb\/wp-json\/wp\/v2\/product"}],"about":[{"href":"https:\/\/www.aroma.se\/en_gb\/wp-json\/wp\/v2\/types\/product"}],"wp:featuredmedia":[{"embeddable":true,"href":"https:\/\/www.aroma.se\/en_gb\/wp-json\/wp\/v2\/media\/6437"}],"wp:attachment":[{"href":"https:\/\/www.aroma.se\/en_gb\/wp-json\/wp\/v2\/media?parent=6436"}],"wp:term":[{"taxonomy":"product_brand","embeddable":true,"href":"https:\/\/www.aroma.se\/en_gb\/wp-json\/wp\/v2\/product_brand?post=6436"},{"taxonomy":"product_cat","embeddable":true,"href":"https:\/\/www.aroma.se\/en_gb\/wp-json\/wp\/v2\/product_cat?post=6436"},{"taxonomy":"product_tag","embeddable":true,"href":"https:\/\/www.aroma.se\/en_gb\/wp-json\/wp\/v2\/product_tag?post=6436"}],"curies":[{"name":"wp","href":"https:\/\/api.w.org\/{rel}","templated":true}]}}