
{"id":6442,"date":"2019-10-04T09:08:51","date_gmt":"2019-10-04T07:08:51","guid":{"rendered":"https:\/\/www.aroma.se\/?post_type=product&#038;p=6442"},"modified":"2026-02-16T13:40:28","modified_gmt":"2026-02-16T12:40:28","slug":"choko-milkshake","status":"publish","type":"product","link":"https:\/\/www.aroma.se\/en_gb\/produkter\/choko-milkshake\/","title":{"rendered":"Chocolate Milkshake"},"content":{"rendered":"","protected":false},"excerpt":{"rendered":"<p><b>Weight: <\/b>2.0 kg<\/p>\n<p><b>Ingredients\/Ainekset\/Ingredients: <\/b><\/p>\n<p class=\"x_MsoNormal\" data-olk-copy-source=\"MessageBody\">*Sugar\/Sugar\/Confectionery\/Sugar, vegetable fat\/Kasvirasvat\/Vegetable fats (Shea, Palm and\/yes\/and<\/p>\n<p class=\"x_MsoNormal\">coconut oil\/kookos\u00f6ljy\/Coconut oil) in varying proportions\/in varying proportions\/in varying proportions, whey powder\/whey powder\/herajauhe\/Whey powder (MJ\u00d6LK\/M\u00c6LK\/MAITO\/MILK), skimmed MILK powder\/skimmed MILK powder\/raswaton MAITOjauhe\/Skimmed MILK powder, cocoa powder \/kaakaojauhe\/Cocoa powder, emulsifier\/emulgator\/emulgointaine\/Emulsifier E476, E322 (SOYA\/SOYA\/SOIJA\/SOY)), vanillin\/vanilliini.<br \/>\nMay contain traces of PEANUTS, HAZELNUTS, ALMONDS. May contain traces of PEANUTS, HAZELNUTS,<\/p>\n<p class=\"x_MsoNormal\">ALMONDS. May contain traces of PEANUTS, HAZELN\u00d8DDER, ALMONDS. Saattaa inteinte j\u00e4\u00e4mi\u00e4 MAAP\u00c4HKIN\u00d6IST\u00c4, HASSELP\u00c4HKIN\u00d6IST\u00c4, MANTELEISTA. May contain traces of PEANUTS, HAZELNUTS, ALMOND.<br \/>\n*Origin\/Alkuper\u00e4maa\/Origin EU<\/p>\n<p>&nbsp;<\/p>\n<p><b>Nutritional value per 100 g<\/b><\/p>\n<table style=\"height: 178px;\" width=\"296\" cellspacing=\"0\" cellpadding=\"0\">\n<tbody>\n<tr>\n<td valign=\"top\">Energy<\/td>\n<td valign=\"top\">2348 kJ \/ 560 kcal<\/td>\n<\/tr>\n<tr>\n<td valign=\"top\">Fat<\/td>\n<td valign=\"top\">34.3g<\/td>\n<\/tr>\n<tr>\n<td valign=\"top\"><span class=\"Apple-converted-space\">\u00a0\u00a0 <\/span>of which saturated fat<\/td>\n<td valign=\"top\">31.9g<\/td>\n<\/tr>\n<tr>\n<td valign=\"top\">Carbohydrate<\/td>\n<td valign=\"top\">61 g<\/td>\n<\/tr>\n<tr>\n<td valign=\"top\"><span class=\"Apple-converted-space\">\u00a0\u00a0 <\/span>of which sugars<\/td>\n<td valign=\"top\">60 g<\/td>\n<\/tr>\n<tr>\n<td valign=\"top\">Protein<\/td>\n<td valign=\"top\">1.7g<\/td>\n<\/tr>\n<tr>\n<td valign=\"top\">Salt<\/td>\n<td valign=\"top\">0.20g<\/td>\n<\/tr>\n<\/tbody>\n<\/table>","protected":false},"featured_media":6443,"template":"","meta":[],"product_brand":[],"product_cat":[87,64],"product_tag":[],"class_list":{"0":"post-6442","1":"product","2":"type-product","3":"status-publish","4":"has-post-thumbnail","6":"product_cat-alla-produkter","7":"product_cat-aroma-choklad-choko","9":"first","10":"instock","11":"shipping-taxable","12":"product-type-simple"},"_links":{"self":[{"href":"https:\/\/www.aroma.se\/en_gb\/wp-json\/wp\/v2\/product\/6442","targetHints":{"allow":["GET"]}}],"collection":[{"href":"https:\/\/www.aroma.se\/en_gb\/wp-json\/wp\/v2\/product"}],"about":[{"href":"https:\/\/www.aroma.se\/en_gb\/wp-json\/wp\/v2\/types\/product"}],"wp:featuredmedia":[{"embeddable":true,"href":"https:\/\/www.aroma.se\/en_gb\/wp-json\/wp\/v2\/media\/6443"}],"wp:attachment":[{"href":"https:\/\/www.aroma.se\/en_gb\/wp-json\/wp\/v2\/media?parent=6442"}],"wp:term":[{"taxonomy":"product_brand","embeddable":true,"href":"https:\/\/www.aroma.se\/en_gb\/wp-json\/wp\/v2\/product_brand?post=6442"},{"taxonomy":"product_cat","embeddable":true,"href":"https:\/\/www.aroma.se\/en_gb\/wp-json\/wp\/v2\/product_cat?post=6442"},{"taxonomy":"product_tag","embeddable":true,"href":"https:\/\/www.aroma.se\/en_gb\/wp-json\/wp\/v2\/product_tag?post=6442"}],"curies":[{"name":"wp","href":"https:\/\/api.w.org\/{rel}","templated":true}]}}