
{"id":6444,"date":"2019-10-04T09:12:03","date_gmt":"2019-10-04T07:12:03","guid":{"rendered":"https:\/\/www.aroma.se\/?post_type=product&#038;p=6444"},"modified":"2024-02-15T10:43:19","modified_gmt":"2024-02-15T09:43:19","slug":"akta-krokant","status":"publish","type":"product","link":"https:\/\/www.aroma.se\/en_gb\/produkter\/akta-krokant\/","title":{"rendered":"Krokant"},"content":{"rendered":"","protected":false},"excerpt":{"rendered":"<p>Chocolate covered crunchy.<\/p>\n<p><b>Weight: <\/b>2.0 kg, 3.7 kg<\/p>\n<p><strong>Ingredients\/Ainekset\/Ingredients:<\/strong><\/p>\n<p>*Sugar\/sugar\/sugar\/Sugar, vegetable fat\/kasvirasvat\/Vegetable fat (shea- and\/ja\/and coconut oil\/kookos\u00f6ljy\/Coconut oil), BUTTER\/VOI\/BUTTER, glucose syrup\/glukosisirapp\/glukoosisiirappi\/Glucose syrup, cocoa butter\/kaakaovoi Cocoa butter, cocoa mass powder, (M\u00c6LK\/\u00c6LK\/MAITO\/MILK), MILK fat\/M\u00c6LKefedt\/MAITOrasva\/MILKfat, emulsifier\/emulsifier\/emulgointiaine\/Emulsifier E476, E322 (SOYA\/SOYA\/SOIJA\/SOY), vanillin\/vanilliini, Salt\/suola.<\/p>\n<p>May contain traces of PEANUTS, HAZELNUTS, ALMONDS. May contain traces of PEANUTS, HAZELNUTS, ALMONDS. May contain traces of PEANUTS, HAZELN\u00d8DDER, ALMONDS. Saattaa inteinte j\u00e4\u00e4mi\u00e4 MAAP\u00c4HKIN\u00d6IST\u00c4, HASSELP\u00c4HKIN\u00d6IST\u00c4, MANTELEISTA. May contain traces of PEANUTS, HAZELNUTS, ALMOND.<\/p>\n<p>*Origin\/Alkuper\u00e4maa\/Origin EU<\/p>\n<p>The milk chocolate contains min 30.1 % of cocoa\/The milk chocolate contains min 30.1% of cocoa\/Maitosuklaa ineinteum 30.1 % kaakaota\/The milk chocolate contains min 30.1 % of cocoa<\/p>\n<p><b>Nutritional value per 100 g<\/b><\/p>\n<table style=\"height: 175px;\" width=\"290\" cellspacing=\"0\" cellpadding=\"0\">\n<tbody>\n<tr>\n<td valign=\"top\">Energy<\/td>\n<td valign=\"top\">2200 kJ \/ 530 kcal<\/td>\n<\/tr>\n<tr>\n<td valign=\"top\">Fat<\/td>\n<td valign=\"top\">29 g<\/td>\n<\/tr>\n<tr>\n<td valign=\"top\"><span class=\"Apple-converted-space\">\u00a0\u00a0 <\/span>of which saturated fat<\/td>\n<td valign=\"top\">18 g<\/td>\n<\/tr>\n<tr>\n<td valign=\"top\">Carbohydrate<\/td>\n<td valign=\"top\">65 g<\/td>\n<\/tr>\n<tr>\n<td valign=\"top\"><span class=\"Apple-converted-space\">\u00a0\u00a0 <\/span>of which sugars<\/td>\n<td valign=\"top\">63 g<\/td>\n<\/tr>\n<tr>\n<td valign=\"top\">Protein<\/td>\n<td valign=\"top\">1.3g<\/td>\n<\/tr>\n<tr>\n<td valign=\"top\">Salt<\/td>\n<td valign=\"top\">0.8g<\/td>\n<\/tr>\n<\/tbody>\n<\/table>","protected":false},"featured_media":7229,"template":"","meta":[],"product_brand":[],"product_cat":[87,64],"product_tag":[],"class_list":{"0":"post-6444","1":"product","2":"type-product","3":"status-publish","4":"has-post-thumbnail","6":"product_cat-alla-produkter","7":"product_cat-aroma-choklad-choko","9":"first","10":"instock","11":"featured","12":"shipping-taxable","13":"product-type-simple"},"_links":{"self":[{"href":"https:\/\/www.aroma.se\/en_gb\/wp-json\/wp\/v2\/product\/6444","targetHints":{"allow":["GET"]}}],"collection":[{"href":"https:\/\/www.aroma.se\/en_gb\/wp-json\/wp\/v2\/product"}],"about":[{"href":"https:\/\/www.aroma.se\/en_gb\/wp-json\/wp\/v2\/types\/product"}],"wp:featuredmedia":[{"embeddable":true,"href":"https:\/\/www.aroma.se\/en_gb\/wp-json\/wp\/v2\/media\/7229"}],"wp:attachment":[{"href":"https:\/\/www.aroma.se\/en_gb\/wp-json\/wp\/v2\/media?parent=6444"}],"wp:term":[{"taxonomy":"product_brand","embeddable":true,"href":"https:\/\/www.aroma.se\/en_gb\/wp-json\/wp\/v2\/product_brand?post=6444"},{"taxonomy":"product_cat","embeddable":true,"href":"https:\/\/www.aroma.se\/en_gb\/wp-json\/wp\/v2\/product_cat?post=6444"},{"taxonomy":"product_tag","embeddable":true,"href":"https:\/\/www.aroma.se\/en_gb\/wp-json\/wp\/v2\/product_tag?post=6444"}],"curies":[{"name":"wp","href":"https:\/\/api.w.org\/{rel}","templated":true}]}}