
{"id":6448,"date":"2019-10-04T09:15:15","date_gmt":"2019-10-04T07:15:15","guid":{"rendered":"https:\/\/www.aroma.se\/?post_type=product&#038;p=6448"},"modified":"2024-02-15T10:50:58","modified_gmt":"2024-02-15T09:50:58","slug":"jordnotskrokant","status":"publish","type":"product","link":"https:\/\/www.aroma.se\/en_gb\/produkter\/jordnotskrokant\/","title":{"rendered":"Peanut krokan"},"content":{"rendered":"","protected":false},"excerpt":{"rendered":"<p>Chocolate covered crunchy with peanuts.<\/p>\n<p>The milk chocolate contains min 34.5 % of cocoa.<\/p>\n<p><b>Weight: <\/b>1.9 kg<\/p>\n<p><b>Ingredients\/Ainekset\/Ingredients:<\/b><\/p>\n<p>*Sugar\/sugar\/sugar\/Sugar\/Zucker, vegetable fat\/kasvirasvat\/Vegetable fat\/Pflanzliches fat (coconut oil\/kookos\u00f6ljy\/Coconut oil\/Kokos\u00f6l), BUTTER\/VOI\/BUTTER, PEANUTS\/MAAP\u00c4HKIN\u00c4T\/PEANUTS\/ERDN\u00dcSSEN (5.6 % ), glucose syrup\/glukoosisiirappi\/Glucose syrup, cocoa butter\/kaakaovoi\/Cocoa butter, cocoa mass\/kaakaomassa\/Cocoa mass, whole MILK powder\/heLMILK powder\/s\u00f6deM\u00c6LKspulver\/t\u00e4ysMAITOjauhe\/Whole MILK powder\/Vollmilchpulver, skimmed MILK powder\/skimmed MILK powder\/rasvaton MAITOjauhe\/Skimmed MILK powder\/Skimmed MILK powder , LACTOSE\/LACTOSE\/LAKTOOSI\/LACTOSE, whey powder\/whey powder\/herajauhe\/Whey powder\/Whey powder, (M\u00d6LK\/\u00c6LK\/MAITO\/MILK\/MILCH), salt\/suola\/Salz, MILK fat\/M\u00c6LKefedt\/MAITorasva\/MILKfat\/MILCHfat, emulsifier\/ emulsifier\/emulgointaine\/emulsifier E476, E322 (SOYA\/SOYA\/SOIJA\/SOY), vanillin\/vanilliini.<\/p>\n<p>May contain traces of HAZELNUTS, ALMONDS. May contain traces of HASSEL NUTS, ALMONDS. May contain traces of HASSELN\u00d8DDER, ALMONDS. Saattaa inteinte j\u00e4\u00e4mi\u00e4 HASSELP\u00c4HKIN\u00d6IST\u00c4, MANTELEISTA. May contain traces of HAZELNUTS and ALMOND. Kann Spuren von HASELN\u00dcSSEN, ALMOND enthalten.<\/p>\n<p>The milk chocolate contains min 30.1 % cocoa\/The milk chocolate contains a minimum of 30.1% cocoa\/Maitosuklaa inteinte 30.1 % kaakaota\/The milk chocolate contains min 30.1 % cocoa\/Die Milchschokolade enth\u00e4lt mindesten 30.1 % Kakao.<\/p>\n<p>*Origin EU<\/p>\n<p><b>Nutritional value per 100 g<\/b><\/p>\n<table style=\"height: 176px;\" width=\"300\" cellspacing=\"0\" cellpadding=\"0\">\n<tbody>\n<tr>\n<td valign=\"top\">Energy<\/td>\n<td valign=\"top\">2200 kJ \/ 530 kcal<\/td>\n<\/tr>\n<tr>\n<td valign=\"top\">Fat<\/td>\n<td valign=\"top\">30 g<\/td>\n<\/tr>\n<tr>\n<td valign=\"top\"><span class=\"Apple-converted-space\">\u00a0\u00a0 <\/span>of which saturated fat<\/td>\n<td valign=\"top\">17 g<\/td>\n<\/tr>\n<tr>\n<td valign=\"top\">Carbohydrate<\/td>\n<td valign=\"top\">62 g<\/td>\n<\/tr>\n<tr>\n<td valign=\"top\"><span class=\"Apple-converted-space\">\u00a0\u00a0 <\/span>of which sugars<\/td>\n<td valign=\"top\">59 g<\/td>\n<\/tr>\n<tr>\n<td valign=\"top\">Protein<\/td>\n<td valign=\"top\">2.9 g<\/td>\n<\/tr>\n<tr>\n<td valign=\"top\">Salt<\/td>\n<td valign=\"top\">0.9g<\/td>\n<\/tr>\n<\/tbody>\n<\/table>","protected":false},"featured_media":6449,"template":"","meta":[],"product_brand":[],"product_cat":[87,64],"product_tag":[],"class_list":{"0":"post-6448","1":"product","2":"type-product","3":"status-publish","4":"has-post-thumbnail","6":"product_cat-alla-produkter","7":"product_cat-aroma-choklad-choko","9":"first","10":"instock","11":"shipping-taxable","12":"product-type-simple"},"_links":{"self":[{"href":"https:\/\/www.aroma.se\/en_gb\/wp-json\/wp\/v2\/product\/6448","targetHints":{"allow":["GET"]}}],"collection":[{"href":"https:\/\/www.aroma.se\/en_gb\/wp-json\/wp\/v2\/product"}],"about":[{"href":"https:\/\/www.aroma.se\/en_gb\/wp-json\/wp\/v2\/types\/product"}],"wp:featuredmedia":[{"embeddable":true,"href":"https:\/\/www.aroma.se\/en_gb\/wp-json\/wp\/v2\/media\/6449"}],"wp:attachment":[{"href":"https:\/\/www.aroma.se\/en_gb\/wp-json\/wp\/v2\/media?parent=6448"}],"wp:term":[{"taxonomy":"product_brand","embeddable":true,"href":"https:\/\/www.aroma.se\/en_gb\/wp-json\/wp\/v2\/product_brand?post=6448"},{"taxonomy":"product_cat","embeddable":true,"href":"https:\/\/www.aroma.se\/en_gb\/wp-json\/wp\/v2\/product_cat?post=6448"},{"taxonomy":"product_tag","embeddable":true,"href":"https:\/\/www.aroma.se\/en_gb\/wp-json\/wp\/v2\/product_tag?post=6448"}],"curies":[{"name":"wp","href":"https:\/\/api.w.org\/{rel}","templated":true}]}}