
{"id":6450,"date":"2019-10-04T09:19:50","date_gmt":"2019-10-04T07:19:50","guid":{"rendered":"https:\/\/www.aroma.se\/?post_type=product&#038;p=6450"},"modified":"2024-02-15T10:45:00","modified_gmt":"2024-02-15T09:45:00","slug":"jordnotsruta","status":"publish","type":"product","link":"https:\/\/www.aroma.se\/en_gb\/produkter\/jordnotsruta\/","title":{"rendered":"Peanut square"},"content":{"rendered":"","protected":false},"excerpt":{"rendered":"<p>Chocolate covered caramel with peanuts.<\/p>\n<p>The milk chocolate contains min 34.5 % of cocoa.<\/p>\n<p><b>Weight: <\/b>2.0 kg, 3.7 kg<\/p>\n<p><b>Ingredients\/Ainekset\/Ingredients: <\/b><\/p>\n<p>Sugar, glucose syrup, Glucose syrup, PEANUTS\/MAAP\u00c4HKIN\u00c4T\/PEANUTS (21 %), vegetable fat\/kasvirasvat\/Vegetable fat (shea- and\/ja\/and coconut oil\/kookos\u00f6ljy\/Coconut oil), skimmed MILK powder\/ skimmed MILK powder\/rasvaton MAITOjauhe\/Skimmed MILK powder, cocoa butter\/kaakaovoi\/Cocoa butter, cocoa mass\/cocoa mass\/Cocoa mass, whole MILK powder\/whole MILK powder\/s\u00f8deM\u00c6LKspulver\/t\u00e4ysMAITOjauhe\/Whole MILK powder, LACTOSE\/LACTOSE\/LAKTOOSI\/LACTOSE, whey powder\/whey powder\/herajauhe\/ Whey powder, (MILK\/MILK\/MAITO\/MILK), salt\/suola, MILK fat\/M\u00c6LKefedt\/MAITOrasva\/MILKfat, emulsifier\/emulsifier\/emulgointiaine\/Emulsifier E476, E322 (SOYA\/SOYA\/SOIJA\/SOY), vanillin\/vanilliini.<br \/>\nMay contain traces of HAZELNUTS, ALMONDS.<\/p>\n<p>May contain traces of HASSEL NUTS, ALMONDS. May contain traces of HASSELN\u00d8DDER, ALMONDS. Saattaa inteinte j\u00e4\u00e4mi\u00e4 HASSELP\u00c4HKIN\u00d6IST\u00c4, MANTELEISTA. May contain traces of HAZELNUTS and ALMOND.<\/p>\n<p>The milk chocolate contains min 30.1 % of cocoa\/The milk chocolate contains min 30.1% of cocoa\/Maitosuklaa ineinteum 30.1 % kaakaota\/The milk chocolate contains min 30.1 % of cocoa<\/p>\n<p><b>Nutritional value per 100 g<\/b><\/p>\n<table style=\"height: 172px;\" width=\"299\" cellspacing=\"0\" cellpadding=\"0\">\n<tbody>\n<tr>\n<td valign=\"top\">Energy<\/td>\n<td valign=\"top\">2000 kJ \/ 470 kcal<\/td>\n<\/tr>\n<tr>\n<td valign=\"top\">Fat<\/td>\n<td valign=\"top\">24 g<\/td>\n<\/tr>\n<tr>\n<td valign=\"top\"><span class=\"Apple-converted-space\">\u00a0\u00a0 <\/span>of which saturated fat<\/td>\n<td valign=\"top\">9.3 g<\/td>\n<\/tr>\n<tr>\n<td valign=\"top\">Carbohydrate<\/td>\n<td valign=\"top\">54 g<\/td>\n<\/tr>\n<tr>\n<td valign=\"top\"><span class=\"Apple-converted-space\">\u00a0\u00a0 <\/span>of which sugars<\/td>\n<td valign=\"top\">41 g<\/td>\n<\/tr>\n<tr>\n<td valign=\"top\">Protein<\/td>\n<td valign=\"top\">7.9 g<\/td>\n<\/tr>\n<tr>\n<td valign=\"top\">Salt<\/td>\n<td valign=\"top\">0.8g<\/td>\n<\/tr>\n<\/tbody>\n<\/table>","protected":false},"featured_media":6451,"template":"","meta":[],"product_brand":[],"product_cat":[87,64],"product_tag":[],"class_list":{"0":"post-6450","1":"product","2":"type-product","3":"status-publish","4":"has-post-thumbnail","6":"product_cat-alla-produkter","7":"product_cat-aroma-choklad-choko","9":"first","10":"instock","11":"featured","12":"shipping-taxable","13":"product-type-simple"},"_links":{"self":[{"href":"https:\/\/www.aroma.se\/en_gb\/wp-json\/wp\/v2\/product\/6450","targetHints":{"allow":["GET"]}}],"collection":[{"href":"https:\/\/www.aroma.se\/en_gb\/wp-json\/wp\/v2\/product"}],"about":[{"href":"https:\/\/www.aroma.se\/en_gb\/wp-json\/wp\/v2\/types\/product"}],"wp:featuredmedia":[{"embeddable":true,"href":"https:\/\/www.aroma.se\/en_gb\/wp-json\/wp\/v2\/media\/6451"}],"wp:attachment":[{"href":"https:\/\/www.aroma.se\/en_gb\/wp-json\/wp\/v2\/media?parent=6450"}],"wp:term":[{"taxonomy":"product_brand","embeddable":true,"href":"https:\/\/www.aroma.se\/en_gb\/wp-json\/wp\/v2\/product_brand?post=6450"},{"taxonomy":"product_cat","embeddable":true,"href":"https:\/\/www.aroma.se\/en_gb\/wp-json\/wp\/v2\/product_cat?post=6450"},{"taxonomy":"product_tag","embeddable":true,"href":"https:\/\/www.aroma.se\/en_gb\/wp-json\/wp\/v2\/product_tag?post=6450"}],"curies":[{"name":"wp","href":"https:\/\/api.w.org\/{rel}","templated":true}]}}