
{"id":6452,"date":"2019-10-04T09:21:45","date_gmt":"2019-10-04T07:21:45","guid":{"rendered":"https:\/\/www.aroma.se\/?post_type=product&#038;p=6452"},"modified":"2024-02-15T10:47:59","modified_gmt":"2024-02-15T09:47:59","slug":"kokosruta","status":"publish","type":"product","link":"https:\/\/www.aroma.se\/en_gb\/produkter\/kokosruta\/","title":{"rendered":"Coconut peanut  square"},"content":{"rendered":"","protected":false},"excerpt":{"rendered":"<p>Chocolate covered coconut square.<\/p>\n<p><b>Weight: <\/b>2.0 kg<\/p>\n<p><b>Ingredients\/Ainekset\/Ingredients: <\/b><\/p>\n<p>Sugar, sugar, glucose syrup, coconut flakes (17 %), vegetable fat (shea and coconut oil), cocoa butter \/kaakaovoita\/Cocoa butter, whole MILK powder\/heLMILK powder\/s\u00f8deM\u00c6LKspulver\/t\u00e4ysMAITOjauhe\/Whole MILK powder, skimmed MILK powder\/skimmed MILK powder\/rasvaton MAITOjauhe\/Skimmed MILK powder, LACTOSE\/LACTOSE\/LAKTOOSI\/LACTOSE, whey powder\/whey powder\/herajauhe\/Whey powder, (MILK\/ MILK\/MAITO\/MILK), MILK fat\/M\u00c6LKefedt\/MAITOrasva\/MILKfat, salt\/suola, emulsifier\/emulsifier\/emulgointiaine\/Emulsifier E476, E322, (SOYA\/SOYA\/SOIJA\/SOY), aroma\/aroma\/Flavoring\/Aroma, vanillin\/ vanilla.<br \/>\nMay contain traces of PEANUTS, HAZELNUTS, ALMONDS. May contain traces of PEANUTS, HAZELNUTS, ALMONDS.<\/p>\n<p>May contain traces of PEANUTS, HAZELN\u00d8DDER, ALMONDS. Saattaa inteinte j\u00e4\u00e4mi\u00e4 MAAP\u00c4HKIN\u00d6IST\u00c4, HASSELP\u00c4HKIN\u00d6IST\u00c4, MANTELEISTA. May contain traces of PEANUTS, HAZELNUTS, ALMOND.<\/p>\n<p>The milk chocolate contains min 30.1 % of cocoa\/The milk chocolate contains min 30.1% of cocoa\/Maitosuklaa ineinteum 30.1 % kaakaota\/The milk chocolate contains min 30.1 % of cocoa<\/p>\n<p><b>Nutritional value per 100 g<\/b><\/p>\n<table style=\"height: 178px;\" width=\"302\" cellspacing=\"0\" cellpadding=\"0\">\n<tbody>\n<tr>\n<td valign=\"top\">Energy<\/td>\n<td valign=\"top\">2000 kJ \/ 470 kcal<\/td>\n<\/tr>\n<tr>\n<td valign=\"top\">Fat<\/td>\n<td valign=\"top\">24 g<\/td>\n<\/tr>\n<tr>\n<td valign=\"top\"><span class=\"Apple-converted-space\">\u00a0\u00a0 <\/span>of which saturated fat<\/td>\n<td valign=\"top\">17 g<\/td>\n<\/tr>\n<tr>\n<td valign=\"top\">Carbohydrate<\/td>\n<td valign=\"top\">59 g<\/td>\n<\/tr>\n<tr>\n<td valign=\"top\"><span class=\"Apple-converted-space\">\u00a0\u00a0 <\/span>of which sugars<\/td>\n<td valign=\"top\">46 g<\/td>\n<\/tr>\n<tr>\n<td valign=\"top\">Protein<\/td>\n<td valign=\"top\">2.2 g<\/td>\n<\/tr>\n<tr>\n<td valign=\"top\">Salt<\/td>\n<td valign=\"top\">0.4g<\/td>\n<\/tr>\n<\/tbody>\n<\/table>","protected":false},"featured_media":6453,"template":"","meta":[],"product_brand":[],"product_cat":[87,64],"product_tag":[],"class_list":{"0":"post-6452","1":"product","2":"type-product","3":"status-publish","4":"has-post-thumbnail","6":"product_cat-alla-produkter","7":"product_cat-aroma-choklad-choko","9":"first","10":"instock","11":"shipping-taxable","12":"product-type-simple"},"_links":{"self":[{"href":"https:\/\/www.aroma.se\/en_gb\/wp-json\/wp\/v2\/product\/6452","targetHints":{"allow":["GET"]}}],"collection":[{"href":"https:\/\/www.aroma.se\/en_gb\/wp-json\/wp\/v2\/product"}],"about":[{"href":"https:\/\/www.aroma.se\/en_gb\/wp-json\/wp\/v2\/types\/product"}],"wp:featuredmedia":[{"embeddable":true,"href":"https:\/\/www.aroma.se\/en_gb\/wp-json\/wp\/v2\/media\/6453"}],"wp:attachment":[{"href":"https:\/\/www.aroma.se\/en_gb\/wp-json\/wp\/v2\/media?parent=6452"}],"wp:term":[{"taxonomy":"product_brand","embeddable":true,"href":"https:\/\/www.aroma.se\/en_gb\/wp-json\/wp\/v2\/product_brand?post=6452"},{"taxonomy":"product_cat","embeddable":true,"href":"https:\/\/www.aroma.se\/en_gb\/wp-json\/wp\/v2\/product_cat?post=6452"},{"taxonomy":"product_tag","embeddable":true,"href":"https:\/\/www.aroma.se\/en_gb\/wp-json\/wp\/v2\/product_tag?post=6452"}],"curies":[{"name":"wp","href":"https:\/\/api.w.org\/{rel}","templated":true}]}}