
{"id":6897,"date":"2020-10-07T17:02:48","date_gmt":"2020-10-07T15:02:48","guid":{"rendered":"https:\/\/www.aroma.se\/?post_type=product&#038;p=6897"},"modified":"2025-03-12T08:35:32","modified_gmt":"2025-03-12T07:35:32","slug":"apelsinklyfta","status":"publish","type":"product","link":"https:\/\/www.aroma.se\/en_gb\/produkter\/apelsinklyfta\/","title":{"rendered":"Orange slice"},"content":{"rendered":"","protected":false},"excerpt":{"rendered":"<p><b>Weight: <\/b>1.7 kg, 3.4 kg<\/p>\n<p><b>Ingredients\/Ainekset\/Ingredients:<\/b><\/p>\n<p class=\"x_MsoNormal\">Sugar\/sukker\/sokeri\/Sugar* (53.5%), vegetable fat\/kasvirasvat\/Vegetable fat (Palm and\/ja\/and kokosolja\/kookos\u00f6ljy\/Coconut oil) in varying proportions\/i varierende verf\u00e4dt\/in varying proportions, whey powder\/whey powder\/herajauhe\/Whey powder (M\u00d6LK\/\u00c6LK\/MAITO\/MILK), cocoa powder\/kaakaojauhe\/Cocoa powder, emulsifier\/emulsifier\/emulgointiaine\/Emulsifier E476, E322 (SOYA\/SOYA\/SOIJA\/SOY), orange aroma\/Oransje aroma\/Oranssi aroma\/Orange aroma, Salt\/suola, vanillin\/Vanilliini. *Origin\/Alkuper\u00e4maa EU<\/p>\n<p>May contain traces of PEANUTS, HAZELNUTS, ALMONDS. May contain traces of PEANUTS, HAZELNUTS, ALMONDS. May contain traces of PEANUTS, HAZELNUTS, ALMONDS. May contain traces of PEANUTS, HAZELNUTS, ALMONDS. May contain traces of PEANUTS, HAZELNUTS, ALMONDS.\u00a0<a name=\"x_JR_PAGE_ANCHOR_0_17\"><\/a>MAAP\u00c4HKIN\u00d6IST\u00c4, HASSELP\u00c4HKIN\u00d6IST\u00c4, MANTELEISTA. May contain traces of PEANUTS, HAZELNUTS, ALMOND. Nutrition information<\/p>\n<p><b>Nutritional value per 100 g<span class=\"Apple-converted-space\">\u00a0<\/span><\/b><\/p>\n<table cellspacing=\"0\" cellpadding=\"0\">\n<tbody>\n<tr>\n<td valign=\"top\">Energy<\/td>\n<td valign=\"top\">2350 kJ \/ 560 kcal<\/td>\n<\/tr>\n<tr>\n<td valign=\"top\">Fat<\/td>\n<td valign=\"top\">34 g<\/td>\n<\/tr>\n<tr>\n<td valign=\"top\"><span class=\"Apple-converted-space\">\u00a0\u00a0 <\/span>of which saturated fat<\/td>\n<td valign=\"top\">32 g<\/td>\n<\/tr>\n<tr>\n<td valign=\"top\">Carbohydrate<\/td>\n<td valign=\"top\">60 g<\/td>\n<\/tr>\n<tr>\n<td valign=\"top\"><span class=\"Apple-converted-space\">\u00a0\u00a0 <\/span>of which sugars<\/td>\n<td valign=\"top\">60 g<\/td>\n<\/tr>\n<tr>\n<td valign=\"top\">Protein<\/td>\n<td valign=\"top\">1.7g<\/td>\n<\/tr>\n<tr>\n<td valign=\"top\">Salt<\/td>\n<td valign=\"top\">0.2g<\/td>\n<\/tr>\n<\/tbody>\n<\/table>","protected":false},"featured_media":6898,"template":"","meta":[],"product_brand":[],"product_cat":[87,64],"product_tag":[],"class_list":{"0":"post-6897","1":"product","2":"type-product","3":"status-publish","4":"has-post-thumbnail","6":"product_cat-alla-produkter","7":"product_cat-aroma-choklad-choko","9":"first","10":"instock","11":"shipping-taxable","12":"product-type-simple"},"_links":{"self":[{"href":"https:\/\/www.aroma.se\/en_gb\/wp-json\/wp\/v2\/product\/6897","targetHints":{"allow":["GET"]}}],"collection":[{"href":"https:\/\/www.aroma.se\/en_gb\/wp-json\/wp\/v2\/product"}],"about":[{"href":"https:\/\/www.aroma.se\/en_gb\/wp-json\/wp\/v2\/types\/product"}],"wp:featuredmedia":[{"embeddable":true,"href":"https:\/\/www.aroma.se\/en_gb\/wp-json\/wp\/v2\/media\/6898"}],"wp:attachment":[{"href":"https:\/\/www.aroma.se\/en_gb\/wp-json\/wp\/v2\/media?parent=6897"}],"wp:term":[{"taxonomy":"product_brand","embeddable":true,"href":"https:\/\/www.aroma.se\/en_gb\/wp-json\/wp\/v2\/product_brand?post=6897"},{"taxonomy":"product_cat","embeddable":true,"href":"https:\/\/www.aroma.se\/en_gb\/wp-json\/wp\/v2\/product_cat?post=6897"},{"taxonomy":"product_tag","embeddable":true,"href":"https:\/\/www.aroma.se\/en_gb\/wp-json\/wp\/v2\/product_tag?post=6897"}],"curies":[{"name":"wp","href":"https:\/\/api.w.org\/{rel}","templated":true}]}}