
{"id":7306,"date":"2023-03-27T12:25:36","date_gmt":"2023-03-27T10:25:36","guid":{"rendered":"https:\/\/www.aroma.se\/?post_type=product&#038;p=7306"},"modified":"2024-02-15T13:36:28","modified_gmt":"2024-02-15T12:36:28","slug":"godisblandning-lakrits","status":"publish","type":"product","link":"https:\/\/www.aroma.se\/en_gb\/produkter\/godisblandning-lakrits\/","title":{"rendered":"Candy mix Licorice"},"content":{"rendered":"","protected":false},"excerpt":{"rendered":"<p><b>Ingredients:<\/b><\/p>\n<p>SE\/NO\/DK\/FI\/UK\/DE, Ainekset\/Ingredients\/Inhaltsstoffe: Sugar\/sokeri\/Sugar\/ Zucker, glucose syrup\/ glucosisiirappi\/Glucose syrup\/Glucose syrup, gelatin\/liivate\/Gelatine, licorice extract\/liquorice extract\/liquorice extract \/ Licorice Extract, aroma\/aroma\/aromia\/Flavoring\/ Aroma (salmiak\/salmiakkia\/Ammonium chloride), salt\/suolaa\/Salz, dye\/farvestof\/ v\u00e4ri\/Colour\/Farbstoffe E153, vegetable oil\/kasvi\u00f6ljy\/Vegetable oil\/Pflanzen\u00f6l ( coconut oil\/kookos\u00f6ljy\/Coconut oil\/Kokos\u00f6l, rapeseed oil\/rapsilojn\/Rapeseed oil\/Raps\u00f6l), surface treatment agent\/surfacetebehandlingsmiddel \/pintak\u00e4l\u00e4\u00e4aine\/Glazing agent\/Glanzmittel E901, aromas\/aromi\/Flavorings\/Aromen (anis\/Anise, vanillin\/vanilliinia), acidity regulator \/forsurende middel\/ happamuudenr\u00e4ttuaine\/Acidity regulator\/ S\u00e4ureregulator E330.<\/p>\n<p><strong>Quality assurance<\/strong><\/p>\n<p>No quality assurance carried out yet<\/p>\n<p><b>Weight: <\/b>260 g<\/p>\n<p><b>Nutritional value per 100 g\u00a0<\/b><\/p>\n<table width=\"318\">\n<tbody>\n<tr>\n<td>Eergy<\/td>\n<td>1423 kJ \/ 340 kcal<\/td>\n<\/tr>\n<tr>\n<td>Fat<\/td>\n<td>0.5g<\/td>\n<\/tr>\n<tr>\n<td>\u00a0 of which saturated fat<\/td>\n<td>0.5g<\/td>\n<\/tr>\n<tr>\n<td>Carbohydrate<\/td>\n<td>76 g<\/td>\n<\/tr>\n<tr>\n<td>\u00a0 of which sugars<\/td>\n<td>60 g<\/td>\n<\/tr>\n<tr>\n<td>Protein<\/td>\n<td>8.6 g<\/td>\n<\/tr>\n<tr>\n<td>Salt<\/td>\n<td>0.8g<\/td>\n<\/tr>\n<\/tbody>\n<\/table>\n<p>&nbsp;<\/p>","protected":false},"featured_media":7297,"template":"","meta":[],"product_brand":[],"product_cat":[87,78],"product_tag":[],"class_list":{"0":"post-7306","1":"product","2":"type-product","3":"status-publish","4":"has-post-thumbnail","6":"product_cat-alla-produkter","7":"product_cat-aroma-godisklassiker","9":"first","10":"instock","11":"shipping-taxable","12":"product-type-simple"},"_links":{"self":[{"href":"https:\/\/www.aroma.se\/en_gb\/wp-json\/wp\/v2\/product\/7306","targetHints":{"allow":["GET"]}}],"collection":[{"href":"https:\/\/www.aroma.se\/en_gb\/wp-json\/wp\/v2\/product"}],"about":[{"href":"https:\/\/www.aroma.se\/en_gb\/wp-json\/wp\/v2\/types\/product"}],"wp:featuredmedia":[{"embeddable":true,"href":"https:\/\/www.aroma.se\/en_gb\/wp-json\/wp\/v2\/media\/7297"}],"wp:attachment":[{"href":"https:\/\/www.aroma.se\/en_gb\/wp-json\/wp\/v2\/media?parent=7306"}],"wp:term":[{"taxonomy":"product_brand","embeddable":true,"href":"https:\/\/www.aroma.se\/en_gb\/wp-json\/wp\/v2\/product_brand?post=7306"},{"taxonomy":"product_cat","embeddable":true,"href":"https:\/\/www.aroma.se\/en_gb\/wp-json\/wp\/v2\/product_cat?post=7306"},{"taxonomy":"product_tag","embeddable":true,"href":"https:\/\/www.aroma.se\/en_gb\/wp-json\/wp\/v2\/product_tag?post=7306"}],"curies":[{"name":"wp","href":"https:\/\/api.w.org\/{rel}","templated":true}]}}