
{"id":7308,"date":"2023-03-27T13:07:48","date_gmt":"2023-03-27T11:07:48","guid":{"rendered":"https:\/\/www.aroma.se\/?post_type=product&#038;p=7308"},"modified":"2024-02-15T13:36:20","modified_gmt":"2024-02-15T12:36:20","slug":"sur-jordgubbsbanan","status":"publish","type":"product","link":"https:\/\/www.aroma.se\/en_gb\/produkter\/sur-jordgubbsbanan\/","title":{"rendered":"Banan foam \u2013 sour strawberry"},"content":{"rendered":"","protected":false},"excerpt":{"rendered":"<p><b>Ingredients: <\/b>*Sugar\/sugar, glucose-fructose syrup\/glucoosi-fructoosisiirappi, gelatin\/liivate, acidity regulator\/forsurende middel\/happamuudenr\u00e4ttuaine (apple acid\/\u00e6ble-\/eplesyre\/omenahappo, lactic acid\/m\u00e6lke-\/melkesyre\/maitohappo), aroma\/aromi, surface treatment agent\/ pint\u00e4\u00e4\u00e4\u00e4\u00e4\u00e4\u00e4aine (E903), dye\/farvestof\/v\u00e4ri (E120). *origin\/origin\/origin\/alkuper\u00e4 EU.<\/p>\n<p><b>Nutritional value per 100 g\u00a0<\/b><\/p>\n<table width=\"318\">\n<tbody>\n<tr>\n<td>Eergy<\/td>\n<td>1550 kJ \/ 360 kcal<\/td>\n<\/tr>\n<tr>\n<td>Fat<\/td>\n<td>0 g<\/td>\n<\/tr>\n<tr>\n<td>\u00a0 of which saturated fat<\/td>\n<td>0 g<\/td>\n<\/tr>\n<tr>\n<td>Carbohydrate<\/td>\n<td>87 g<\/td>\n<\/tr>\n<tr>\n<td>\u00a0 of which sugars<\/td>\n<td>79 g<\/td>\n<\/tr>\n<tr>\n<td>Protein<\/td>\n<td>4.7g<\/td>\n<\/tr>\n<tr>\n<td>Salt<\/td>\n<td>0 g<\/td>\n<\/tr>\n<\/tbody>\n<\/table>\n<p>&nbsp;<\/p>","protected":false},"featured_media":7318,"template":"","meta":[],"product_brand":[],"product_cat":[87,89],"product_tag":[],"class_list":{"0":"post-7308","1":"product","2":"type-product","3":"status-publish","4":"has-post-thumbnail","6":"product_cat-alla-produkter","7":"product_cat-aroma-skumgodis","9":"first","10":"instock","11":"shipping-taxable","12":"product-type-simple"},"_links":{"self":[{"href":"https:\/\/www.aroma.se\/en_gb\/wp-json\/wp\/v2\/product\/7308","targetHints":{"allow":["GET"]}}],"collection":[{"href":"https:\/\/www.aroma.se\/en_gb\/wp-json\/wp\/v2\/product"}],"about":[{"href":"https:\/\/www.aroma.se\/en_gb\/wp-json\/wp\/v2\/types\/product"}],"wp:featuredmedia":[{"embeddable":true,"href":"https:\/\/www.aroma.se\/en_gb\/wp-json\/wp\/v2\/media\/7318"}],"wp:attachment":[{"href":"https:\/\/www.aroma.se\/en_gb\/wp-json\/wp\/v2\/media?parent=7308"}],"wp:term":[{"taxonomy":"product_brand","embeddable":true,"href":"https:\/\/www.aroma.se\/en_gb\/wp-json\/wp\/v2\/product_brand?post=7308"},{"taxonomy":"product_cat","embeddable":true,"href":"https:\/\/www.aroma.se\/en_gb\/wp-json\/wp\/v2\/product_cat?post=7308"},{"taxonomy":"product_tag","embeddable":true,"href":"https:\/\/www.aroma.se\/en_gb\/wp-json\/wp\/v2\/product_tag?post=7308"}],"curies":[{"name":"wp","href":"https:\/\/api.w.org\/{rel}","templated":true}]}}