
{"id":7383,"date":"2024-02-15T13:12:49","date_gmt":"2024-02-15T12:12:49","guid":{"rendered":"https:\/\/www.aroma.se\/?post_type=product&#038;p=7383"},"modified":"2026-02-02T16:47:41","modified_gmt":"2026-02-02T15:47:41","slug":"pussmun","status":"publish","type":"product","link":"https:\/\/www.aroma.se\/en_gb\/produkter\/pussmun\/","title":{"rendered":"Kiss mouth"},"content":{"rendered":"","protected":false},"excerpt":{"rendered":"<p>Full lips with strawberry flavor. Free from gelatin<\/p>\n<p><b>Ingredients:<\/b><\/p>\n<p>Sugar\/sugar\/sugary\/Sugar, glucose-fructose syrup\/glucose-fructose syrup\/glukoosi-fructoosisiirappi\/ Glucose-fructose Syrup, modified starch\/Modified starch\/modified starch\/muunneltu t\u00e4rkkelys\/Modified starch, vegetable oil\/vegetable olie\/kasvi\u00f6ljy)\/Vegetable Oil (coconut\/kokosn\u00f8tt\/kokosn\u00f8d\/kookos\/Coconut), surface treatment agent\/overflatebehandlingsmiddel\/pintak\u00e4l\u00e4ss\u00e4ine\/Glazing Agent (E903), aroma\/aromae\/aromae\/aromi\/Flavoring, acidity regulator\/acidity regulator\/surhedsregulerende middel\/happamuudenr\u00e4ttuaine \/Acidity Regulator (lactic acid, citric acid\/lactic acid, citric acid\/maitohappo, sitruunahappo\/Lactic acid, Citric acid), dye\/farge\/farvestof\/v\u00e4ri\/Colour (E120).<\/p>\n<p><b>Weight: <\/b><span style=\"font-weight: 400;\">2.7 kg<\/span><\/p>\n<p><b>Nutritional value per 100 g\u00a0<\/b><\/p>\n<table>\n<tbody>\n<tr>\n<td><span style=\"font-weight: 400;\">Energy<\/span><\/td>\n<td><span style=\"font-weight: 400;\">1550 kJ \/ 370 kcal<\/span><\/td>\n<\/tr>\n<tr>\n<td><span style=\"font-weight: 400;\">Fat<\/span><\/td>\n<td><span style=\"font-weight: 400;\">1.8 g<\/span><\/td>\n<\/tr>\n<tr>\n<td><span style=\"font-weight: 400;\"> \u00a0 of which saturated fat<\/span><\/td>\n<td><span style=\"font-weight: 400;\">1.8 g<\/span><\/td>\n<\/tr>\n<tr>\n<td><span style=\"font-weight: 400;\">Carbohydrate<\/span><\/td>\n<td><span style=\"font-weight: 400;\">85 g<\/span><\/td>\n<\/tr>\n<tr>\n<td><span style=\"font-weight: 400;\"> \u00a0 of which sugars<\/span><\/td>\n<td><span style=\"font-weight: 400;\">66 g<\/span><\/td>\n<\/tr>\n<tr>\n<td><span style=\"font-weight: 400;\">Protein<\/span><\/td>\n<td><span style=\"font-weight: 400;\">0.1 g<\/span><\/td>\n<\/tr>\n<tr>\n<td><span style=\"font-weight: 400;\">Salt<\/span><\/td>\n<td><span style=\"font-weight: 400;\">0 g<\/span><\/td>\n<\/tr>\n<\/tbody>\n<\/table>","protected":false},"featured_media":7544,"template":"","meta":[],"product_brand":[],"product_cat":[87,62],"product_tag":[],"class_list":{"0":"post-7383","1":"product","2":"type-product","3":"status-publish","4":"has-post-thumbnail","6":"product_cat-alla-produkter","7":"product_cat-aroma-gelegodis","9":"first","10":"instock","11":"shipping-taxable","12":"product-type-simple"},"_links":{"self":[{"href":"https:\/\/www.aroma.se\/en_gb\/wp-json\/wp\/v2\/product\/7383","targetHints":{"allow":["GET"]}}],"collection":[{"href":"https:\/\/www.aroma.se\/en_gb\/wp-json\/wp\/v2\/product"}],"about":[{"href":"https:\/\/www.aroma.se\/en_gb\/wp-json\/wp\/v2\/types\/product"}],"wp:featuredmedia":[{"embeddable":true,"href":"https:\/\/www.aroma.se\/en_gb\/wp-json\/wp\/v2\/media\/7544"}],"wp:attachment":[{"href":"https:\/\/www.aroma.se\/en_gb\/wp-json\/wp\/v2\/media?parent=7383"}],"wp:term":[{"taxonomy":"product_brand","embeddable":true,"href":"https:\/\/www.aroma.se\/en_gb\/wp-json\/wp\/v2\/product_brand?post=7383"},{"taxonomy":"product_cat","embeddable":true,"href":"https:\/\/www.aroma.se\/en_gb\/wp-json\/wp\/v2\/product_cat?post=7383"},{"taxonomy":"product_tag","embeddable":true,"href":"https:\/\/www.aroma.se\/en_gb\/wp-json\/wp\/v2\/product_tag?post=7383"}],"curies":[{"name":"wp","href":"https:\/\/api.w.org\/{rel}","templated":true}]}}