
{"id":7451,"date":"2025-02-04T10:09:45","date_gmt":"2025-02-04T09:09:45","guid":{"rendered":"https:\/\/www.aroma.se\/?post_type=product&#038;p=7451"},"modified":"2025-03-12T08:33:48","modified_gmt":"2025-03-12T07:33:48","slug":"choko-toffe","status":"publish","type":"product","link":"https:\/\/www.aroma.se\/en_gb\/produkter\/choko-toffe\/","title":{"rendered":"Chocolate Toffee"},"content":{"rendered":"","protected":false},"excerpt":{"rendered":"<p><strong>Ingredients\/Ainekset\/Ingredients\/Zutaten:<\/strong><\/p>\n<p class=\"x_MsoNormal\" data-olk-copy-source=\"MessageBody\">Sugar\/sugar\/confectionery\/Sugar (46.6%), vegetable fat\/kasvirasvat\/Vegetable fat (Palm and\/yes\/and<\/p>\n<p class=\"x_MsoNormal\"><a name=\"x_JR_PAGE_ANCHOR_0_14\"><\/a>coconut oil\/kookos\u00f6lj\u00ed\/Coconut oil) in varying proportion\/i varierende verf\u00e4t\/in varying proportions, glucose-fructose syrup\/glukoosi-fruktoosisiirappi\/Glucose-fructose syrup, whey powder\/whey powder\/herajauhe\/Whey powder (M\u00d6LK\/\u00c6LK\/MAITO\/MILK), sweetened condensed MILK\/MAELK\/makeutettu kondensoitu MAITO\/Sweetened condensed MILK, cocoa powder\/kaakaojauhe\/Cocoa powder, emulsifier\/emulsifier\/emulgointaine\/Emulsifier E476, E322 (SOYA\/SOYA\/SOIJA\/SOY), preservative\/ s\u00e4il\u00f6nt\u00e4aine\/Preservative E202, aroma\/aroma\/Aroma, vanillin\/vanilliini,<\/p>\n<p class=\"x_MsoNormal\"><a name=\"x_JR_PAGE_ANCHOR_0_15\"><\/a>salt\/brine.<br \/>\nMay contain traces of PEANUTS, HAZELNUTS, ALMONDS. May contain traces of PEANUTS, HAZELNUTS, ALMONDS. May contain traces of PEANUTS, HAZELN\u00d8DDER, ALMONDS. Saattaa inteinte j\u00e4\u00e4mi\u00e4 MAAP\u00c4HKIN\u00d6IST\u00c4, HASSELP\u00c4HKIN\u00d6IST\u00c4, MANTELEISTA. May contain traces of PEANUTS, HAZELNUTS, ALMOND.<\/p>\n<p><b>Nutritional value per 100 g <\/b><\/p>\n<table cellspacing=\"0\" cellpadding=\"0\">\n<tbody>\n<tr>\n<td valign=\"top\">Energy<\/td>\n<td valign=\"top\">2150 kJ \/ 520 kcal<\/td>\n<\/tr>\n<tr>\n<td valign=\"top\">Fat<\/td>\n<td valign=\"top\">29 g<\/td>\n<\/tr>\n<tr>\n<td valign=\"top\"><span class=\"Apple-converted-space\">\u00a0\u00a0 <\/span>of which saturated fat<\/td>\n<td valign=\"top\">27 g<\/td>\n<\/tr>\n<tr>\n<td valign=\"top\">Carbohydrate<\/td>\n<td valign=\"top\">61 g<\/td>\n<\/tr>\n<tr>\n<td valign=\"top\"><span class=\"Apple-converted-space\">\u00a0\u00a0 <\/span>of which sugars<\/td>\n<td valign=\"top\">56 g<\/td>\n<\/tr>\n<tr>\n<td valign=\"top\">Protein<\/td>\n<td valign=\"top\">1.7g<\/td>\n<\/tr>\n<tr>\n<td valign=\"top\">Salt<\/td>\n<td valign=\"top\">0.2g<\/td>\n<\/tr>\n<\/tbody>\n<\/table>\n<p>&nbsp;<\/p>","protected":false},"featured_media":7467,"template":"","meta":[],"product_brand":[],"product_cat":[87,64],"product_tag":[],"class_list":{"0":"post-7451","1":"product","2":"type-product","3":"status-publish","4":"has-post-thumbnail","6":"product_cat-alla-produkter","7":"product_cat-aroma-choklad-choko","9":"first","10":"instock","11":"shipping-taxable","12":"product-type-simple"},"_links":{"self":[{"href":"https:\/\/www.aroma.se\/en_gb\/wp-json\/wp\/v2\/product\/7451","targetHints":{"allow":["GET"]}}],"collection":[{"href":"https:\/\/www.aroma.se\/en_gb\/wp-json\/wp\/v2\/product"}],"about":[{"href":"https:\/\/www.aroma.se\/en_gb\/wp-json\/wp\/v2\/types\/product"}],"wp:featuredmedia":[{"embeddable":true,"href":"https:\/\/www.aroma.se\/en_gb\/wp-json\/wp\/v2\/media\/7467"}],"wp:attachment":[{"href":"https:\/\/www.aroma.se\/en_gb\/wp-json\/wp\/v2\/media?parent=7451"}],"wp:term":[{"taxonomy":"product_brand","embeddable":true,"href":"https:\/\/www.aroma.se\/en_gb\/wp-json\/wp\/v2\/product_brand?post=7451"},{"taxonomy":"product_cat","embeddable":true,"href":"https:\/\/www.aroma.se\/en_gb\/wp-json\/wp\/v2\/product_cat?post=7451"},{"taxonomy":"product_tag","embeddable":true,"href":"https:\/\/www.aroma.se\/en_gb\/wp-json\/wp\/v2\/product_tag?post=7451"}],"curies":[{"name":"wp","href":"https:\/\/api.w.org\/{rel}","templated":true}]}}