
{"id":7455,"date":"2025-02-04T10:15:16","date_gmt":"2025-02-04T09:15:16","guid":{"rendered":"https:\/\/www.aroma.se\/?post_type=product&#038;p=7455"},"modified":"2025-02-04T11:12:01","modified_gmt":"2025-02-04T10:12:01","slug":"tropiska-grodor","status":"publish","type":"product","link":"https:\/\/www.aroma.se\/en_gb\/produkter\/tropiska-grodor\/","title":{"rendered":"Tropical frogs"},"content":{"rendered":"","protected":false},"excerpt":{"rendered":"<p><strong>Ingredients\/Ainekset\/Ingredients\/Zutaten:<\/strong><\/p>\n<p class=\"x_MsoNormal\" data-olk-copy-source=\"MessageBody\">*Glucose syrup, sugar, gelatin, acidity regulator E330, stabilizer E406, vegetable oil<\/p>\n<p class=\"x_MsoNormal\">Oil\/Pflanzen\u00f6l (coconut oil\/coconut oil\/kookos\u00f6ljy\/Coconut Oil\/Kokos\u00f6l, rapeseed oil\/rapeseed oil\/rapsi\u00f6ljy\/Rapeseed Oil\/Raps\u00f6l), surface treatment agent\/overflatebehandlingsmiddel\/pintak\u00e4l\u00e4\u00e4aine\/Glazing Agent\/Glanzmittel E901, aroma\/aromit\/Flavoring\/Aromen, dyes\/farge \/farvestoffer\/v\u00e4ri\/Colours\/Farbstoffe E120, E160a.<\/p>\n<p><strong>*Origin\/Alkuper\u00e4maa\/Origin EU<\/strong><\/p>\n<p><b>Nutritional value per 100 g<\/b><\/p>\n<table width=\"295\" cellspacing=\"0\" cellpadding=\"0\">\n<tbody>\n<tr>\n<td valign=\"top\">Energy<\/td>\n<td valign=\"top\">1350 kJ \/ 320 kcal<\/td>\n<\/tr>\n<tr>\n<td valign=\"top\">Fat<\/td>\n<td valign=\"top\">0.5g<\/td>\n<\/tr>\n<tr>\n<td valign=\"top\"><span class=\"Apple-converted-space\">\u00a0\u00a0 <\/span>of which saturated fat<\/td>\n<td valign=\"top\">0.5g<\/td>\n<\/tr>\n<tr>\n<td valign=\"top\">Carbohydrate<\/td>\n<td valign=\"top\">75 g<\/td>\n<\/tr>\n<tr>\n<td valign=\"top\"><span class=\"Apple-converted-space\">\u00a0\u00a0 <\/span>of which sugars<\/td>\n<td valign=\"top\">44 g<\/td>\n<\/tr>\n<tr>\n<td valign=\"top\">Protein<\/td>\n<td valign=\"top\">5.0 g<\/td>\n<\/tr>\n<tr>\n<td valign=\"top\">Salt<\/td>\n<td valign=\"top\">0.01 g<\/td>\n<\/tr>\n<\/tbody>\n<\/table>\n<p>&nbsp;<\/p>","protected":false},"featured_media":7456,"template":"","meta":[],"product_brand":[],"product_cat":[80,87,62],"product_tag":[],"class_list":{"0":"post-7455","1":"product","2":"type-product","3":"status-publish","4":"has-post-thumbnail","6":"product_cat-nyheter","7":"product_cat-alla-produkter","8":"product_cat-aroma-gelegodis","10":"first","11":"instock","12":"shipping-taxable","13":"product-type-simple"},"_links":{"self":[{"href":"https:\/\/www.aroma.se\/en_gb\/wp-json\/wp\/v2\/product\/7455","targetHints":{"allow":["GET"]}}],"collection":[{"href":"https:\/\/www.aroma.se\/en_gb\/wp-json\/wp\/v2\/product"}],"about":[{"href":"https:\/\/www.aroma.se\/en_gb\/wp-json\/wp\/v2\/types\/product"}],"wp:featuredmedia":[{"embeddable":true,"href":"https:\/\/www.aroma.se\/en_gb\/wp-json\/wp\/v2\/media\/7456"}],"wp:attachment":[{"href":"https:\/\/www.aroma.se\/en_gb\/wp-json\/wp\/v2\/media?parent=7455"}],"wp:term":[{"taxonomy":"product_brand","embeddable":true,"href":"https:\/\/www.aroma.se\/en_gb\/wp-json\/wp\/v2\/product_brand?post=7455"},{"taxonomy":"product_cat","embeddable":true,"href":"https:\/\/www.aroma.se\/en_gb\/wp-json\/wp\/v2\/product_cat?post=7455"},{"taxonomy":"product_tag","embeddable":true,"href":"https:\/\/www.aroma.se\/en_gb\/wp-json\/wp\/v2\/product_tag?post=7455"}],"curies":[{"name":"wp","href":"https:\/\/api.w.org\/{rel}","templated":true}]}}